{"id":23,"date":"2024-06-20T23:31:51","date_gmt":"2024-06-20T23:31:51","guid":{"rendered":"https:\/\/zamolxa.ro\/?page_id=23"},"modified":"2024-08-23T23:06:53","modified_gmt":"2024-08-23T20:06:53","slug":"about-us","status":"publish","type":"page","link":"https:\/\/zamolxa.ro\/en\/about-us\/","title":{"rendered":"About Us"},"content":{"rendered":"<p>[et_pb_section fb_built=&#8221;1&#8243; _builder_version=&#8221;4.27.0&#8243; _module_preset=&#8221;default&#8221; da_disable_devices=&#8221;off|off|off&#8221; global_colors_info=&#8221;{}&#8221; da_is_popup=&#8221;off&#8221; da_exit_intent=&#8221;off&#8221; da_has_close=&#8221;on&#8221; da_alt_close=&#8221;off&#8221; da_dark_close=&#8221;off&#8221; da_not_modal=&#8221;on&#8221; da_is_singular=&#8221;off&#8221; da_with_loader=&#8221;off&#8221; da_has_shadow=&#8221;on&#8221;][et_pb_row _builder_version=&#8221;4.27.0&#8243; _module_preset=&#8221;default&#8221; global_colors_info=&#8221;{}&#8221;][et_pb_column type=&#8221;4_4&#8243; _builder_version=&#8221;4.27.0&#8243; _module_preset=&#8221;default&#8221; global_colors_info=&#8221;{}&#8221;][et_pb_heading title=&#8221;@ET-DC@eyJkeW5hbWljIjp0cnVlLCJjb250ZW50IjoicG9zdF90aXRsZSIsInNldHRpbmdzIjp7ImJlZm9yZSI6IiIsImFmdGVyIjoiIn19@&#8221; _builder_version=&#8221;4.27.0&#8243; _dynamic_attributes=&#8221;title&#8221; _module_preset=&#8221;default&#8221; global_colors_info=&#8221;{}&#8221;][\/et_pb_heading][et_pb_text _builder_version=&#8221;4.27.0&#8243; _module_preset=&#8221;default&#8221; global_colors_info=&#8221;{}&#8221;]<\/p>\n<p>Zamolxa este o poveste. O poveste a unei c\u0103l\u0103torii de re\u00eentoarcere. Acas\u0103. \u00cen locurile cele mai profunde ale sufletului. O poveste de reg\u0103sire. Reg\u0103sire? A cui?<\/p>\n<p>A fost odat\u0103 ca niciodat\u0103 o feti\u021b\u0103. O feti\u021b\u0103 cu p\u0103rul b\u0103lai ce era \u00eendr\u0103gostita de Soare. Visa s\u0103 salveze lumea. Obi\u0219nuia s\u0103 c\u0103l\u0103toreasc\u0103. Mult. Departe. Acolo, \u00een departe, tr\u0103iau prietenii ei cei mai buni: Iubire, Magie \u0219i Credin\u021b\u0103 le spusese ea. Era o lume infinit\u0103 \u00een care cel mai bun prieten al Timpului era Nemurirea. Iar Nemurirea, ca un maestru \u00een\u021belept, i-a f\u0103cut feti\u021bei cuno\u0219tin\u021b\u0103 cu cele mai \u00eenalte culmi ale infinitului: forme mi\u0219c\u0103toare, raze de soare \u0219i ape din cele mai \u00eenalte.<\/p>\n<p>Apoi, c\u00e2nd a sosit vremea, Nemurirea i-a pus aripi feti\u021bei \u0219i i-a \u0219optit:<br \/>A-\u021bi fi fric\u0103 este cel mai mare dar pe care Universul \u021bi-l poate oferi. Dac\u0103 nu ai sim\u021bi frica, nu ai \u00eenv\u0103\u021ba niciodat\u0103 cu adev\u0103rat ce este Via\u021ba. Este ca atunci c\u00e2nd visezi s\u0103 urci pe culmile cele mai \u00eenalte \u0219i te pierzi \u00een propriul t\u0103u zbor. Dac\u0103 am avea aripi mai \u00eenalte, atunci am \u0219tii c\u0103 nu e nevoie dec\u00e2t de o inim\u0103 ce \u00eenc\u0103 vibreaz\u0103 a inocen\u021b\u0103 \u0219i puritate. Doar atunci vom \u00een\u021belege c\u0103 Frica are \u0219i ea aripi iar Iubirea \u00eei sunt \u00eens\u0103\u0219i aripile.<br \/>Poate c\u0103 ne-am obi\u0219nuit s\u0103 ne pierdem \u00een valurile ne\u00eencetate ale min\u021bii \u0219i uit\u0103m c\u0103, de fapt, totul este o joac\u0103, o joac\u0103 a unor copii ce nu au \u00eencetat niciodat\u0103 s\u0103 cread\u0103. S\u0103 cread\u0103 c\u0103 exist\u0103, acolo, o lume \u00een care visul se transform\u0103 \u00een realitate \u0219i poate str\u0103bate \u00een c\u00e2ntare toate sunetele fiin\u021belor noastre. Ar putea fi un &#8222;La&#8221; ce \u00ee\u0219i \u00eenvinge propriul paradis \u0219i se arunc\u0103 \u00een abis. C\u0103ci doar acolo, \u00een abisul cel mai de jos ia na\u0219tere sc\u00e2nteia. Acea sclipire ce readuce bucuria. Poate c\u0103 atunci, \u00eens\u0103\u0219i prietenul meu bun, Timpul, \u0219i-ar aminti Eternitatea.<br \/>Nu exist\u0103 spa\u021biu \u00eentre forme, formele sunt \u00eens\u0103\u0219i spa\u021biul. Ne este fric\u0103 s\u0103 ne deschidem inima pentru c\u0103 inima este locul \u00een care spa\u021biu \u0219i forme se \u00eent\u00e2lnesc, oameni \u0219i forme se \u00eent\u00e2lnesc, oameni \u0219i spa\u021biu devin putere. Pentru a putea recrea Infinitul. Am putea spune puterea infinit\u0103 asupra \u00eentregii vie\u021bi dar infinitul devine via\u021ba \u00eens\u0103\u0219i. Este centrul minunat al \u00eentregii fiin\u021b\u0103ri, fiin\u021bare ce c\u00e2nt\u0103 c\u00e2ntul r\u0103s\u0103ritului \u0219i danseaz\u0103 dansul apusului. Pentru c\u0103 doar \u00eengenunchind \u00een fa\u021ba Soarelui vom afla \u00eentreag\u0103 tain\u0103 \u0219i lumin\u0103 a Sa. \u0218i doar devenind precum pe\u0219tele vom putea p\u0103trunde sub taina apelor.<\/p>\n<p>[\/et_pb_text][\/et_pb_column][\/et_pb_row][\/et_pb_section]<\/p>\n","protected":false},"excerpt":{"rendered":"<p>Zamolxa este o poveste. O poveste a unei c\u0103l\u0103torii de re\u00eentoarcere. Acas\u0103. \u00cen locurile cele mai profunde ale sufletului. O poveste de reg\u0103sire. Reg\u0103sire? A cui? A fost odat\u0103 ca niciodat\u0103 o feti\u021b\u0103. O feti\u021b\u0103 cu p\u0103rul b\u0103lai ce era \u00eendr\u0103gostita de Soare. Visa s\u0103 salveze lumea. Obi\u0219nuia s\u0103 c\u0103l\u0103toreasc\u0103. Mult. Departe. Acolo, \u00een departe, [&hellip;]<\/p>\n","protected":false},"author":1,"featured_media":0,"parent":0,"menu_order":0,"comment_status":"closed","ping_status":"closed","template":"","meta":{"_et_pb_use_builder":"on","_et_pb_old_content":"","_et_gb_content_width":"","footnotes":""},"class_list":["post-23","page","type-page","status-publish","hentry"],"_links":{"self":[{"href":"https:\/\/zamolxa.ro\/en\/wp-json\/wp\/v2\/pages\/23","targetHints":{"allow":["GET"]}}],"collection":[{"href":"https:\/\/zamolxa.ro\/en\/wp-json\/wp\/v2\/pages"}],"about":[{"href":"https:\/\/zamolxa.ro\/en\/wp-json\/wp\/v2\/types\/page"}],"author":[{"embeddable":true,"href":"https:\/\/zamolxa.ro\/en\/wp-json\/wp\/v2\/users\/1"}],"replies":[{"embeddable":true,"href":"https:\/\/zamolxa.ro\/en\/wp-json\/wp\/v2\/comments?post=23"}],"version-history":[{"count":4,"href":"https:\/\/zamolxa.ro\/en\/wp-json\/wp\/v2\/pages\/23\/revisions"}],"predecessor-version":[{"id":102,"href":"https:\/\/zamolxa.ro\/en\/wp-json\/wp\/v2\/pages\/23\/revisions\/102"}],"wp:attachment":[{"href":"https:\/\/zamolxa.ro\/en\/wp-json\/wp\/v2\/media?parent=23"}],"curies":[{"name":"wp","href":"https:\/\/api.w.org\/{rel}","templated":true}]}}